{"id":39,"date":"2018-07-10T00:04:16","date_gmt":"2018-07-09T22:04:16","guid":{"rendered":"http:\/\/localhost\/strandbygruppen\/?page_id=14"},"modified":"2018-07-25T20:12:37","modified_gmt":"2018-07-25T20:12:37","slug":"projekter","status":"publish","type":"page","link":"https:\/\/strandbygruppen.dk\/?page_id=39","title":{"rendered":"Projekter"},"content":{"rendered":"<div class=\"pt-cv-wrapper\"><div class=\"pt-cv-view pt-cv-grid pt-cv-colsys\" id=\"pt-cv-view-b85b2d3one\"><div data-id=\"pt-cv-page-1\" class=\"pt-cv-page\" data-cvc=\"2\"><div class=\"col-md-6 col-sm-6 col-xs-12 pt-cv-content-item pt-cv-1-col\" ><div class='pt-cv-ifield'><a href=\"https:\/\/strandbygruppen.dk\/?page_id=40\" class=\"_self pt-cv-href-thumbnail pt-cv-thumb-default\" target=\"_self\" ><img fetchpriority=\"high\" decoding=\"async\" width=\"300\" height=\"239\" src=\"https:\/\/strandbygruppen.dk\/wp-content\/uploads\/2018\/07\/Visualisering-4-300x239.jpg\" class=\"pt-cv-thumbnail\" alt=\"\" srcset=\"https:\/\/strandbygruppen.dk\/wp-content\/uploads\/2018\/07\/Visualisering-4-300x239.jpg 300w, https:\/\/strandbygruppen.dk\/wp-content\/uploads\/2018\/07\/Visualisering-4-768x611.jpg 768w, https:\/\/strandbygruppen.dk\/wp-content\/uploads\/2018\/07\/Visualisering-4-1024x814.jpg 1024w, https:\/\/strandbygruppen.dk\/wp-content\/uploads\/2018\/07\/Visualisering-4-624x496.jpg 624w, https:\/\/strandbygruppen.dk\/wp-content\/uploads\/2018\/07\/Visualisering-4.jpg 1500w\" sizes=\"(max-width: 300px) 100vw, 300px\" \/><\/a>\n<h4 class=\"pt-cv-title\"><a href=\"https:\/\/strandbygruppen.dk\/?page_id=40\" class=\"_self\" target=\"_self\" >Musicon \u2013 Den R\u00f8de Tr\u00e5d<\/a><\/h4>\n<div class=\"pt-cv-content\">Intentionen var at skabe et nyt\u00e6nkende, mangfoldigt og urbant f\u00e6llesskab med gode boliger og mangfoldige uderum. Med Musicon-projektet \u00f8nsker Roskilde kommune at udvikle en ny kreativ bydel, hvor den r\u00f8de tr\u00e5d er musik, bev\u00e6gelse og f\u00e6llesskab. Projektet bygger p\u00e5 konceptet, Generationernes Byhus, som KAB har udviklet. Konceptet var grundlaget for ...<br \/><div class=\"pt-cv-rmwrap\"><a href=\"https:\/\/strandbygruppen.dk\/?page_id=40\" class=\"_self pt-cv-readmore btn btn-success\" target=\"_self\">L\u00e6s Mere<\/a><\/div><\/div><\/div><\/div>\n<div class=\"col-md-6 col-sm-6 col-xs-12 pt-cv-content-item pt-cv-1-col\" ><div class='pt-cv-ifield'><a href=\"https:\/\/strandbygruppen.dk\/?page_id=48\" class=\"_self pt-cv-href-thumbnail pt-cv-thumb-default\" target=\"_self\" ><img decoding=\"async\" width=\"300\" height=\"155\" src=\"https:\/\/strandbygruppen.dk\/wp-content\/uploads\/2018\/07\/3-300x155.png\" class=\"pt-cv-thumbnail\" alt=\"\" srcset=\"https:\/\/strandbygruppen.dk\/wp-content\/uploads\/2018\/07\/3-300x155.png 300w, https:\/\/strandbygruppen.dk\/wp-content\/uploads\/2018\/07\/3-624x323.png 624w, https:\/\/strandbygruppen.dk\/wp-content\/uploads\/2018\/07\/3.png 687w\" sizes=\"(max-width: 300px) 100vw, 300px\" \/><\/a>\n<h4 class=\"pt-cv-title\"><a href=\"https:\/\/strandbygruppen.dk\/?page_id=48\" class=\"_self\" target=\"_self\" >Ungdomsboliger &#8211; Campus K\u00f8ge<\/a><\/h4>\n<div class=\"pt-cv-content\">Campus K\u00f8ge \u00f8nsker at etablere et passende antal ungdomsboliger til nuv\u00e6rende og kommende studerende. Projektet har kortlagt, hvor mange boliger, der er behov for, samt hvilke \u00f8nsker de studerende har til en ungdomsbolig. Da projektet startede var det ikke muligt at f\u00e5 private investorer til ungdomsboliger, hvorfor der kun var ...<br \/><div class=\"pt-cv-rmwrap\"><a href=\"https:\/\/strandbygruppen.dk\/?page_id=48\" class=\"_self pt-cv-readmore btn btn-success\" target=\"_self\">L\u00e6s Mere<\/a><\/div><\/div><\/div><\/div>\n<div class=\"col-md-6 col-sm-6 col-xs-12 pt-cv-content-item pt-cv-1-col\" ><div class='pt-cv-ifield'><a href=\"https:\/\/strandbygruppen.dk\/?page_id=49\" class=\"_self pt-cv-href-thumbnail pt-cv-thumb-default\" target=\"_self\" ><img decoding=\"async\" width=\"300\" height=\"205\" src=\"https:\/\/strandbygruppen.dk\/wp-content\/uploads\/2018\/07\/VI3BLUR2-300x205.jpg\" class=\"pt-cv-thumbnail\" alt=\"\" srcset=\"https:\/\/strandbygruppen.dk\/wp-content\/uploads\/2018\/07\/VI3BLUR2-300x205.jpg 300w, https:\/\/strandbygruppen.dk\/wp-content\/uploads\/2018\/07\/VI3BLUR2-768x524.jpg 768w, https:\/\/strandbygruppen.dk\/wp-content\/uploads\/2018\/07\/VI3BLUR2-1024x699.jpg 1024w, https:\/\/strandbygruppen.dk\/wp-content\/uploads\/2018\/07\/VI3BLUR2-624x426.jpg 624w\" sizes=\"(max-width: 300px) 100vw, 300px\" \/><\/a>\n<h4 class=\"pt-cv-title\"><a href=\"https:\/\/strandbygruppen.dk\/?page_id=49\" class=\"_self\" target=\"_self\" >Vall\u00f8 Strandpark &#8211; Blandede Boliger og Erhverv<\/a><\/h4>\n<div class=\"pt-cv-content\">Hovedstr\u00f8get i Str\u00f8by Egede er fornyet. Med projektet er der nu skabt et grundlag for en torvedannelse i byen, der bliver et centralt element i udviklingen af byen. Projektet blev indledt i 2012, hvor investorinteressen var lav. Vi valgte derfor at dele projektet op i tre etaper. F\u00f8rste etape handler ...<br \/><div class=\"pt-cv-rmwrap\"><a href=\"https:\/\/strandbygruppen.dk\/?page_id=49\" class=\"_self pt-cv-readmore btn btn-success\" target=\"_self\">L\u00e6s Mere<\/a><\/div><\/div><\/div><\/div>\n<div class=\"col-md-6 col-sm-6 col-xs-12 pt-cv-content-item pt-cv-1-col\" ><div class='pt-cv-ifield'><a href=\"https:\/\/strandbygruppen.dk\/?page_id=50\" class=\"_self pt-cv-href-thumbnail pt-cv-thumb-default\" target=\"_self\" ><img loading=\"lazy\" decoding=\"async\" width=\"300\" height=\"145\" src=\"https:\/\/strandbygruppen.dk\/wp-content\/uploads\/2018\/07\/3-1-300x145.png\" class=\"pt-cv-thumbnail\" alt=\"\" srcset=\"https:\/\/strandbygruppen.dk\/wp-content\/uploads\/2018\/07\/3-1-300x145.png 300w, https:\/\/strandbygruppen.dk\/wp-content\/uploads\/2018\/07\/3-1-768x370.png 768w, https:\/\/strandbygruppen.dk\/wp-content\/uploads\/2018\/07\/3-1-624x301.png 624w, https:\/\/strandbygruppen.dk\/wp-content\/uploads\/2018\/07\/3-1.png 896w\" sizes=\"(max-width: 300px) 100vw, 300px\" \/><\/a>\n<h4 class=\"pt-cv-title\"><a href=\"https:\/\/strandbygruppen.dk\/?page_id=50\" class=\"_self\" target=\"_self\" >Vall\u00f8 Strand &#8211; Boliger<\/a><\/h4>\n<div class=\"pt-cv-content\">Med projektet skaber vi nye attraktive boliger med adgang til egen strand. Samtidig bliver de eksisterende \u00e6ldreboliger l\u00f8ftet og fremtidssikret. I det oprindelige Vall\u00f8 Strand Badehotel havde kommunen indrettet et genoptr\u00e6ningscenter, som man vil flytte til nye samlede faciliteter i H\u00e5rlev. Derfor skulle der udvikles en ny plan for den ...<br \/><div class=\"pt-cv-rmwrap\"><a href=\"https:\/\/strandbygruppen.dk\/?page_id=50\" class=\"_self pt-cv-readmore btn btn-success\" target=\"_self\">L\u00e6s Mere<\/a><\/div><\/div><\/div><\/div>\n<div class=\"col-md-6 col-sm-6 col-xs-12 pt-cv-content-item pt-cv-1-col\" ><div class='pt-cv-ifield'><a href=\"https:\/\/strandbygruppen.dk\/?page_id=51\" class=\"_self pt-cv-href-thumbnail pt-cv-thumb-default\" target=\"_self\" ><img loading=\"lazy\" decoding=\"async\" width=\"300\" height=\"211\" src=\"https:\/\/strandbygruppen.dk\/wp-content\/uploads\/2018\/07\/TJ\u00d8RNELY-1-300x211.jpg\" class=\"pt-cv-thumbnail\" alt=\"\" srcset=\"https:\/\/strandbygruppen.dk\/wp-content\/uploads\/2018\/07\/TJ\u00d8RNELY-1-300x211.jpg 300w, https:\/\/strandbygruppen.dk\/wp-content\/uploads\/2018\/07\/TJ\u00d8RNELY-1-768x540.jpg 768w, https:\/\/strandbygruppen.dk\/wp-content\/uploads\/2018\/07\/TJ\u00d8RNELY-1-1024x720.jpg 1024w, https:\/\/strandbygruppen.dk\/wp-content\/uploads\/2018\/07\/TJ\u00d8RNELY-1-624x439.jpg 624w, https:\/\/strandbygruppen.dk\/wp-content\/uploads\/2018\/07\/TJ\u00d8RNELY-1.jpg 1319w\" sizes=\"(max-width: 300px) 100vw, 300px\" \/><\/a>\n<h4 class=\"pt-cv-title\"><a href=\"https:\/\/strandbygruppen.dk\/?page_id=51\" class=\"_self\" target=\"_self\" >Tj\u00f8rnely \u2013 Bof\u00e6llesskaber og Erhverv<\/a><\/h4>\n<div class=\"pt-cv-content\">Med projekt Tj\u00f8rnely er der udviklet en vision for en bydel, der skal l\u00f8ftes med blandede boliger. Strandbygruppen har sammen med Norcap Development og tegnestuen Lokal udviklet et projekt, der bygger videre p\u00e5 de h\u00f8jt eftertragtede bolig- og byrumsdimensioner fra r\u00e6kkehusbebyggelser i Kartoffelr\u00e6kkerne i K\u00f8benhavn. Udgangspunktet var at l\u00f8fte en ...<br \/><div class=\"pt-cv-rmwrap\"><a href=\"https:\/\/strandbygruppen.dk\/?page_id=51\" class=\"_self pt-cv-readmore btn btn-success\" target=\"_self\">L\u00e6s Mere<\/a><\/div><\/div><\/div><\/div>\n<div class=\"col-md-6 col-sm-6 col-xs-12 pt-cv-content-item pt-cv-1-col\" ><div class='pt-cv-ifield'><a href=\"https:\/\/strandbygruppen.dk\/?page_id=309\" class=\"_self pt-cv-href-thumbnail pt-cv-thumb-default\" target=\"_self\" ><img loading=\"lazy\" decoding=\"async\" width=\"300\" height=\"225\" src=\"https:\/\/strandbygruppen.dk\/wp-content\/uploads\/2020\/05\/Nordfacade-300x225.jpg\" class=\"pt-cv-thumbnail\" alt=\"\" srcset=\"https:\/\/strandbygruppen.dk\/wp-content\/uploads\/2020\/05\/Nordfacade-300x225.jpg 300w, https:\/\/strandbygruppen.dk\/wp-content\/uploads\/2020\/05\/Nordfacade-1024x768.jpg 1024w, https:\/\/strandbygruppen.dk\/wp-content\/uploads\/2020\/05\/Nordfacade-768x576.jpg 768w, https:\/\/strandbygruppen.dk\/wp-content\/uploads\/2020\/05\/Nordfacade-1536x1152.jpg 1536w, https:\/\/strandbygruppen.dk\/wp-content\/uploads\/2020\/05\/Nordfacade-2048x1536.jpg 2048w, https:\/\/strandbygruppen.dk\/wp-content\/uploads\/2020\/05\/Nordfacade-624x468.jpg 624w\" sizes=\"(max-width: 300px) 100vw, 300px\" \/><\/a>\n<h4 class=\"pt-cv-title\"><a href=\"https:\/\/strandbygruppen.dk\/?page_id=309\" class=\"_self\" target=\"_self\" >Bof\u00e6llesskab og dagligvarebutik i R\u00f8dovre<\/a><\/h4>\n<div class=\"pt-cv-content\">Kombinationen af en dagligvarebutik og et bof\u00e6llesskab er med til at give omr\u00e5det et kvalitetsl\u00f8ft, hvor det tidligere benzinanl\u00e6g bliver erstattet af liv og tryghed i omr\u00e5det. Lidl overtog grunden i 2018 og indgik et strategisk samarbejde med DAB, som har en boligafdeling (\u201dBybjerget\u201d), der gr\u00e6nser op til omr\u00e5det. Samarbejdet ...<br \/><div class=\"pt-cv-rmwrap\"><a href=\"https:\/\/strandbygruppen.dk\/?page_id=309\" class=\"_self pt-cv-readmore btn btn-success\" target=\"_self\">L\u00e6s Mere<\/a><\/div><\/div><\/div><\/div>\n<div class=\"col-md-6 col-sm-6 col-xs-12 pt-cv-content-item pt-cv-1-col\" ><div class='pt-cv-ifield'><a href=\"https:\/\/strandbygruppen.dk\/?page_id=312\" class=\"_self pt-cv-href-thumbnail pt-cv-thumb-default\" target=\"_self\" ><img loading=\"lazy\" decoding=\"async\" width=\"300\" height=\"203\" src=\"https:\/\/strandbygruppen.dk\/wp-content\/uploads\/2020\/05\/oversigtsfoto-300x203.jpg\" class=\"pt-cv-thumbnail\" alt=\"\" srcset=\"https:\/\/strandbygruppen.dk\/wp-content\/uploads\/2020\/05\/oversigtsfoto-300x203.jpg 300w, https:\/\/strandbygruppen.dk\/wp-content\/uploads\/2020\/05\/oversigtsfoto-1024x694.jpg 1024w, https:\/\/strandbygruppen.dk\/wp-content\/uploads\/2020\/05\/oversigtsfoto-768x520.jpg 768w, https:\/\/strandbygruppen.dk\/wp-content\/uploads\/2020\/05\/oversigtsfoto-1536x1041.jpg 1536w, https:\/\/strandbygruppen.dk\/wp-content\/uploads\/2020\/05\/oversigtsfoto-2048x1388.jpg 2048w, https:\/\/strandbygruppen.dk\/wp-content\/uploads\/2020\/05\/oversigtsfoto-624x423.jpg 624w\" sizes=\"(max-width: 300px) 100vw, 300px\" \/><\/a>\n<h4 class=\"pt-cv-title\"><a href=\"https:\/\/strandbygruppen.dk\/?page_id=312\" class=\"_self\" target=\"_self\" >Bof\u00e6llesskabet \u201dGaias have\u201d<\/a><\/h4>\n<div class=\"pt-cv-content\">Bof\u00e6llesskabet \u201dGaias have\u201d (www.gaias-have.dk) bliver en v\u00e6sentlig faktor i udviklingen af bydelen \u201dAnneberg Kulturpark\u201d (www.annebergkulturpark.dk) i Nyk\u00f8bing Sj\u00e6lland. Endvidere bidrager projektet med nye borgere ikke kun fra Danmark, men ogs\u00e5 tilflyttere fra udlandet. Det er et unikt \u201dbottom up projekt\u201d, idet igangs\u00e6tning af projektudviklingen er sket med udgangspunkt i gruppen ...<br \/><div class=\"pt-cv-rmwrap\"><a href=\"https:\/\/strandbygruppen.dk\/?page_id=312\" class=\"_self pt-cv-readmore btn btn-success\" target=\"_self\">L\u00e6s Mere<\/a><\/div><\/div><\/div><\/div><\/div><\/div><\/div>\n","protected":false},"excerpt":{"rendered":"","protected":false},"author":1,"featured_media":0,"parent":0,"menu_order":2,"comment_status":"closed","ping_status":"closed","template":"","meta":{"footnotes":""},"class_list":["post-39","page","type-page","status-publish","hentry"],"_links":{"self":[{"href":"https:\/\/strandbygruppen.dk\/index.php?rest_route=\/wp\/v2\/pages\/39","targetHints":{"allow":["GET"]}}],"collection":[{"href":"https:\/\/strandbygruppen.dk\/index.php?rest_route=\/wp\/v2\/pages"}],"about":[{"href":"https:\/\/strandbygruppen.dk\/index.php?rest_route=\/wp\/v2\/types\/page"}],"author":[{"embeddable":true,"href":"https:\/\/strandbygruppen.dk\/index.php?rest_route=\/wp\/v2\/users\/1"}],"replies":[{"embeddable":true,"href":"https:\/\/strandbygruppen.dk\/index.php?rest_route=%2Fwp%2Fv2%2Fcomments&post=39"}],"version-history":[{"count":16,"href":"https:\/\/strandbygruppen.dk\/index.php?rest_route=\/wp\/v2\/pages\/39\/revisions"}],"predecessor-version":[{"id":257,"href":"https:\/\/strandbygruppen.dk\/index.php?rest_route=\/wp\/v2\/pages\/39\/revisions\/257"}],"wp:attachment":[{"href":"https:\/\/strandbygruppen.dk\/index.php?rest_route=%2Fwp%2Fv2%2Fmedia&parent=39"}],"curies":[{"name":"wp","href":"https:\/\/api.w.org\/{rel}","templated":true}]}}