{"id":46,"date":"2018-07-10T00:12:28","date_gmt":"2018-07-09T22:12:28","guid":{"rendered":"http:\/\/localhost\/strandbygruppen\/?page_id=10"},"modified":"2020-05-26T15:30:57","modified_gmt":"2020-05-26T13:30:57","slug":"tilgang","status":"publish","type":"page","link":"https:\/\/strandbygruppen.dk\/?page_id=46","title":{"rendered":"Tilgang"},"content":{"rendered":"<p>Strandbygruppens metode er netv\u00e6rksbaseret projektudvikling, da det skaber mest mulig v\u00e6rdi for det enkelte projekt.<\/p>\n<p>Strandbygruppen er f\u00f8rste led i en lang byggeproces, og vi skaber v\u00e6rdi gennem et solidt grundlag for at gennemf\u00f8re projektet.<\/p>\n<p>Det sker ved at:<\/p>\n<ul>\n<li>finde en beliggenhed, der egner sig til et givet form\u00e5l<\/li>\n<li>tilpasse myndighedskrav til byggeriets form\u00e5l<\/li>\n<li>sikre, at kommunens \u00f8nsker til planforhold indfries tidligt, s\u00e5 de ikke komplicerer projektet<\/li>\n<li>kortl\u00e6gge alle forhold for at sikre et solidt beslutningsgrundlag for investorer<\/li>\n<li>inddrage lokale interessenter tidligt<\/li>\n<li>samarbejde med r\u00e5dgivere, der kan tilf\u00f8re byggeriet h\u00f8j arkitektonisk kvalitet og h\u00f8j kvalitet i selve byggeriet<\/li>\n<\/ul>\n<p>M\u00e5let et at minimere risici, n\u00e5r byggeriet skal gennemf\u00f8res og efterf\u00f8lgende driftes.<\/p>\n<p>Strandbygruppen \u00f8nsker at v\u00e6re f\u00f8rende inden for samarbejde mellem byggeriets parter i de tidlige faser frem til godkendt lokalplan. Det sker blandt andet ved at skabe gennemsigtighed og tillidsfyldt forhandlingsklima.<\/p>\n<p>Strandbygruppen arbejder med projektudvikling i den mest usikre og s\u00e5rbare fase i byggeriet. Det er en periode, der er kendetegnet af langstrakte og komplicerede processer med mange akt\u00f8rer. Derfor er det vores m\u00e5l, at Strandbygruppen skal levere et solidt beslutningsgrundlag for b\u00e5de anl\u00e6g og drift af byggeriet til investorer og relevante myndigheder.<\/p>\n<blockquote><p>Det sikres, at dialogen starter rigtigt, og vi s\u00f8rger for, at alle projektets interesser er forenet, s\u00e5 projektet skaber st\u00f8rst mulig v\u00e6rdi for lokalomr\u00e5det og de kommende brugere.<\/p><\/blockquote>\n","protected":false},"excerpt":{"rendered":"<p>Strandbygruppens metode er netv\u00e6rksbaseret projektudvikling, da det skaber mest mulig v\u00e6rdi for det enkelte projekt. Strandbygruppen er f\u00f8rste led i en lang byggeproces, og vi skaber v\u00e6rdi gennem et solidt grundlag for at gennemf\u00f8re projektet. Det sker ved at: finde en beliggenhed, der egner sig til et givet form\u00e5l tilpasse myndighedskrav til byggeriets form\u00e5l sikre, [&hellip;]<\/p>\n","protected":false},"author":1,"featured_media":0,"parent":0,"menu_order":4,"comment_status":"closed","ping_status":"closed","template":"","meta":{"footnotes":""},"class_list":["post-46","page","type-page","status-publish","hentry"],"_links":{"self":[{"href":"https:\/\/strandbygruppen.dk\/index.php?rest_route=\/wp\/v2\/pages\/46","targetHints":{"allow":["GET"]}}],"collection":[{"href":"https:\/\/strandbygruppen.dk\/index.php?rest_route=\/wp\/v2\/pages"}],"about":[{"href":"https:\/\/strandbygruppen.dk\/index.php?rest_route=\/wp\/v2\/types\/page"}],"author":[{"embeddable":true,"href":"https:\/\/strandbygruppen.dk\/index.php?rest_route=\/wp\/v2\/users\/1"}],"replies":[{"embeddable":true,"href":"https:\/\/strandbygruppen.dk\/index.php?rest_route=%2Fwp%2Fv2%2Fcomments&post=46"}],"version-history":[{"count":3,"href":"https:\/\/strandbygruppen.dk\/index.php?rest_route=\/wp\/v2\/pages\/46\/revisions"}],"predecessor-version":[{"id":302,"href":"https:\/\/strandbygruppen.dk\/index.php?rest_route=\/wp\/v2\/pages\/46\/revisions\/302"}],"wp:attachment":[{"href":"https:\/\/strandbygruppen.dk\/index.php?rest_route=%2Fwp%2Fv2%2Fmedia&parent=46"}],"curies":[{"name":"wp","href":"https:\/\/api.w.org\/{rel}","templated":true}]}}