{"id":49,"date":"2018-07-10T00:05:06","date_gmt":"2018-07-09T22:05:06","guid":{"rendered":"http:\/\/localhost\/strandbygruppen\/?page_id=21"},"modified":"2020-05-26T16:02:06","modified_gmt":"2020-05-26T14:02:06","slug":"valloe-strandpark-blandede-boliger-og-erhverv","status":"publish","type":"page","link":"https:\/\/strandbygruppen.dk\/?page_id=49","title":{"rendered":"Vall\u00f8 Strandpark &#8211; Blandede Boliger og Erhverv"},"content":{"rendered":"<div aria-live=\"polite\" id=\"soliloquy-container-83_1\" class=\"soliloquy-container soliloquy-transition-fade  soliloquy-theme-base\" style=\"max-width:960px;max-height:300px;\"><ul id=\"soliloquy-83_1\" class=\"soliloquy-slider soliloquy-slides soliloquy-wrap soliloquy-clear\"><li aria-hidden=\"true\" class=\"soliloquy-item soliloquy-item-1 soliloquy-image-slide\" draggable=\"false\" style=\"list-style:none\"><img decoding=\"async\" id=\"soliloquy-image-84\" class=\"soliloquy-image soliloquy-image-1\" src=\"https:\/\/strandbygruppen.dk\/wp-content\/uploads\/2018\/07\/1-2-960x300_c.png\" alt=\"1\" \/><\/li><li aria-hidden=\"true\" class=\"soliloquy-item soliloquy-item-2 soliloquy-image-slide\" draggable=\"false\" style=\"list-style:none\"><img decoding=\"async\" id=\"soliloquy-image-85\" class=\"soliloquy-image soliloquy-image-2\" src=\"https:\/\/strandbygruppen.dk\/wp-content\/uploads\/2018\/07\/2-3-960x300_c.png\" alt=\"2\" \/><\/li><li aria-hidden=\"true\" class=\"soliloquy-item soliloquy-item-3 soliloquy-image-slide\" draggable=\"false\" style=\"list-style:none\"><img decoding=\"async\" id=\"soliloquy-image-86\" class=\"soliloquy-image soliloquy-image-3\" src=\"https:\/\/strandbygruppen.dk\/wp-content\/uploads\/2018\/07\/BYNIGHT-960x300_c.jpg\" alt=\"BYNIGHT\" \/><\/li><li aria-hidden=\"true\" class=\"soliloquy-item soliloquy-item-4 soliloquy-image-slide\" draggable=\"false\" style=\"list-style:none\"><img decoding=\"async\" id=\"soliloquy-image-87\" class=\"soliloquy-image soliloquy-image-4\" src=\"https:\/\/strandbygruppen.dk\/wp-content\/uploads\/2018\/07\/MODEL_FRA\u00d8ST-960x300_c.jpg\" alt=\"MODEL_FRA\u00d8ST\" \/><\/li><li aria-hidden=\"true\" class=\"soliloquy-item soliloquy-item-5 soliloquy-image-slide\" draggable=\"false\" style=\"list-style:none\"><img decoding=\"async\" id=\"soliloquy-image-88\" class=\"soliloquy-image soliloquy-image-5\" src=\"https:\/\/strandbygruppen.dk\/wp-content\/uploads\/2018\/07\/VI3BLUR2-960x300_c.jpg\" alt=\"VI3BLUR2\" \/><\/li><\/ul><\/div><noscript><style type=\"text\/css\">#soliloquy-container-83_1{opacity:1}<\/style><\/noscript>\n<p>Hovedstr\u00f8get i Str\u00f8by Egede er fornyet. Med projektet er der nu skabt et grundlag for en torvedannelse i byen, der bliver et centralt element i udviklingen af byen.<\/p>\n<p>Projektet blev indledt i 2012, hvor investorinteressen var lav. Vi valgte derfor at dele projektet op i tre etaper. F\u00f8rste etape handler om at skabe almene boliger og en dagligvarebutik.<\/p>\n<p>For at skabe en passende diversitet blev projektet opbygget med udvalgsbutikker, erhverv, bibliotek, private og almene lejeboliger.<\/p>\n<p>Udviklingsplanen for Valg Strandpark er realiseret i t\u00e6t samarbejde med Stevns kommune, hvorefter Strandbygruppen indledte forhandlinger med potentielle investorer.<\/p>\n<p>Status: Der er i alt realiseret en dagligvarebutik p\u00e5 1000 m2, blandet erhverv p\u00e5 570 m2, private boliger p\u00e5 henholdsvis 1600 m2 og 5250 m2 almene boliger.<\/p>\n<p>Projektet har bidraget med lejeboliger i omr\u00e5det og har dermed givet en mere fleksibel boligstruktur i kommunen og givet mulighed for omdannelse af den eksisterende boligmasse. Endvidere har erhvervsdelen givet mere liv i den centrale del af Str\u00f8by Egede.<\/p>\n<p><strong>FAKTA:<\/strong><\/p>\n<p>\u00c5r: 2014<\/p>\n<p>Anvendelse:Private og almene boliger samt blandet erhverv.<\/p>\n<p>Bygherre:Dansk Supermarked, OLC Ejendomme, Interplan og Domea<\/p>\n<p>Samarbejdsparter: Stevns Kommune, Dansk Supermarked, OLC Ejendomme og Domea<\/p>\n<p><strong>Ydelser: <\/strong><\/p>\n<ul>\n<li>Forhandlinger om plangrundlag med kommune<\/li>\n<li>Finde investorer<\/li>\n<li>Aftale med kommune om salg af byggeret<\/li>\n<li>Udarbejde lokalplan i samarbejde med Domea, Netto, OLC Ejendomme og Stevns kommune<\/li>\n<\/ul>\n<p><strong>Status:<\/strong> F\u00e6rdigbygget og fuld udlejet i 2016.<\/p>\n","protected":false},"excerpt":{"rendered":"<p>Hovedstr\u00f8get i Str\u00f8by Egede er fornyet. Med projektet er der nu skabt et grundlag for en torvedannelse i byen, der bliver et centralt element i udviklingen af byen. Projektet blev indledt i 2012, hvor investorinteressen var lav. Vi valgte derfor at dele projektet op i tre etaper. F\u00f8rste etape handler om at skabe almene boliger [&hellip;]<\/p>\n","protected":false},"author":1,"featured_media":88,"parent":39,"menu_order":5,"comment_status":"closed","ping_status":"closed","template":"","meta":{"footnotes":""},"class_list":["post-49","page","type-page","status-publish","has-post-thumbnail","hentry"],"_links":{"self":[{"href":"https:\/\/strandbygruppen.dk\/index.php?rest_route=\/wp\/v2\/pages\/49","targetHints":{"allow":["GET"]}}],"collection":[{"href":"https:\/\/strandbygruppen.dk\/index.php?rest_route=\/wp\/v2\/pages"}],"about":[{"href":"https:\/\/strandbygruppen.dk\/index.php?rest_route=\/wp\/v2\/types\/page"}],"author":[{"embeddable":true,"href":"https:\/\/strandbygruppen.dk\/index.php?rest_route=\/wp\/v2\/users\/1"}],"replies":[{"embeddable":true,"href":"https:\/\/strandbygruppen.dk\/index.php?rest_route=%2Fwp%2Fv2%2Fcomments&post=49"}],"version-history":[{"count":4,"href":"https:\/\/strandbygruppen.dk\/index.php?rest_route=\/wp\/v2\/pages\/49\/revisions"}],"predecessor-version":[{"id":305,"href":"https:\/\/strandbygruppen.dk\/index.php?rest_route=\/wp\/v2\/pages\/49\/revisions\/305"}],"up":[{"embeddable":true,"href":"https:\/\/strandbygruppen.dk\/index.php?rest_route=\/wp\/v2\/pages\/39"}],"wp:featuredmedia":[{"embeddable":true,"href":"https:\/\/strandbygruppen.dk\/index.php?rest_route=\/wp\/v2\/media\/88"}],"wp:attachment":[{"href":"https:\/\/strandbygruppen.dk\/index.php?rest_route=%2Fwp%2Fv2%2Fmedia&parent=49"}],"curies":[{"name":"wp","href":"https:\/\/api.w.org\/{rel}","templated":true}]}}