{"id":50,"date":"2018-07-10T00:04:59","date_gmt":"2018-07-09T22:04:59","guid":{"rendered":"http:\/\/localhost\/strandbygruppen\/?page_id=23"},"modified":"2020-05-26T15:39:16","modified_gmt":"2020-05-26T13:39:16","slug":"valloe-strand-boliger","status":"publish","type":"page","link":"https:\/\/strandbygruppen.dk\/?page_id=50","title":{"rendered":"Vall\u00f8 Strand &#8211; Boliger"},"content":{"rendered":"<div aria-live=\"polite\" id=\"soliloquy-container-79_1\" class=\"soliloquy-container soliloquy-transition-fade  soliloquy-theme-base\" style=\"max-width:960px;max-height:300px;\"><ul id=\"soliloquy-79_1\" class=\"soliloquy-slider soliloquy-slides soliloquy-wrap soliloquy-clear\"><li aria-hidden=\"true\" class=\"soliloquy-item soliloquy-item-1 soliloquy-image-slide\" draggable=\"false\" style=\"list-style:none\"><img decoding=\"async\" id=\"soliloquy-image-80\" class=\"soliloquy-image soliloquy-image-1\" src=\"https:\/\/strandbygruppen.dk\/wp-content\/uploads\/2018\/07\/1-1-960x300_c.png\" alt=\"1\" \/><\/li><li aria-hidden=\"true\" class=\"soliloquy-item soliloquy-item-2 soliloquy-image-slide\" draggable=\"false\" style=\"list-style:none\"><img decoding=\"async\" id=\"soliloquy-image-81\" class=\"soliloquy-image soliloquy-image-2\" src=\"https:\/\/strandbygruppen.dk\/wp-content\/uploads\/2018\/07\/2-2-960x300_c.png\" alt=\"2\" \/><\/li><li aria-hidden=\"true\" class=\"soliloquy-item soliloquy-item-3 soliloquy-image-slide\" draggable=\"false\" style=\"list-style:none\"><img decoding=\"async\" id=\"soliloquy-image-82\" class=\"soliloquy-image soliloquy-image-3\" src=\"https:\/\/strandbygruppen.dk\/wp-content\/uploads\/2018\/07\/3-1-960x300_c.png\" alt=\"3\" \/><\/li><\/ul><\/div><noscript><style type=\"text\/css\">#soliloquy-container-79_1{opacity:1}<\/style><\/noscript>\n<p>Med projektet skaber vi nye attraktive boliger med adgang til egen strand. Samtidig bliver de eksisterende \u00e6ldreboliger l\u00f8ftet og fremtidssikret.<\/p>\n<p>I det oprindelige Vall\u00f8 Strand Badehotel havde kommunen indrettet et genoptr\u00e6ningscenter, som man vil flytte til nye samlede faciliteter i H\u00e5rlev. Derfor skulle der udvikles en ny plan for den gamle bygning med tilst\u00f8dende \u00e6ldreboliger.<\/p>\n<p>Efter en byggeteknisk gennemgang af bygningen blev l\u00f8sningen at bevare \u00e6ldeboligerne og skabe 30 nye attraktive boliger, som kunne leve op til placeringen og stedets flotte historie.<\/p>\n<p>Der bygges 30 nye boliger p\u00e5 i alt 2013 m2. Alle boliger f\u00e5r udsigt over K\u00f8ge Bugt. \u00c6ldreboligerne p\u00e5 i alt 1043 m2 bevares og bliver en integreret del af nybyggeriet.<\/p>\n<p>Strandbygruppen har i t\u00e6t samarbejde med en investor og Stevns kommune udviklet grundlaget for etableringen af de nye boliger.<\/p>\n<p>Projektet er med til at give et markant l\u00f8ft af \u201cPorten til Stevns\u201d, da det nu er det f\u00f8rste man ser, n\u00e5r man k\u00f8rer over kommunegr\u00e6nsen til Stevns. Projektet har endvidere skabt nye muligheder for omdannelse af det tilst\u00f8dende boligomr\u00e5de og for at tiltr\u00e6kke nye borgere til kommunen.<\/p>\n<p><strong>FAKTA:<\/strong><\/p>\n<p>\u00c5r: 2015<\/p>\n<p>Anvendelse:Boliger og \u00e6ldreboliger<\/p>\n<p>Bygherre:Projekt Vall\u00f8 Strand<\/p>\n<p>Samarbejdspartnere:Projekt Vall\u00f8 Strand og Stevns kommune.<\/p>\n<p><strong>Ydelser:\u00a0\u00a0\u00a0\u00a0\u00a0\u00a0\u00a0\u00a0 <\/strong><\/p>\n<ul>\n<li>Forhandlinger med kommune om salg af Vall\u00f8 Strandhotel og 14 \u00e6ldreboliger<\/li>\n<li>Kortl\u00e6gge projektmuligheder<\/li>\n<li>Udarbejde lokalplan i samarbejde med Projekt Vall\u00f8 Strand og Stevns kommune<\/li>\n<li>Deltage i offentlig h\u00f8ring om projektet<\/li>\n<\/ul>\n<p><strong>Status:<\/strong> Byggeri iv\u00e6rks\u00e6ttes primo 2020 og forventes f\u00e6rdig primo 2021<\/p>\n","protected":false},"excerpt":{"rendered":"<p>Med projektet skaber vi nye attraktive boliger med adgang til egen strand. Samtidig bliver de eksisterende \u00e6ldreboliger l\u00f8ftet og fremtidssikret. I det oprindelige Vall\u00f8 Strand Badehotel havde kommunen indrettet et genoptr\u00e6ningscenter, som man vil flytte til nye samlede faciliteter i H\u00e5rlev. Derfor skulle der udvikles en ny plan for den gamle bygning med tilst\u00f8dende \u00e6ldreboliger. [&hellip;]<\/p>\n","protected":false},"author":1,"featured_media":82,"parent":39,"menu_order":4,"comment_status":"closed","ping_status":"closed","template":"","meta":{"footnotes":""},"class_list":["post-50","page","type-page","status-publish","has-post-thumbnail","hentry"],"_links":{"self":[{"href":"https:\/\/strandbygruppen.dk\/index.php?rest_route=\/wp\/v2\/pages\/50","targetHints":{"allow":["GET"]}}],"collection":[{"href":"https:\/\/strandbygruppen.dk\/index.php?rest_route=\/wp\/v2\/pages"}],"about":[{"href":"https:\/\/strandbygruppen.dk\/index.php?rest_route=\/wp\/v2\/types\/page"}],"author":[{"embeddable":true,"href":"https:\/\/strandbygruppen.dk\/index.php?rest_route=\/wp\/v2\/users\/1"}],"replies":[{"embeddable":true,"href":"https:\/\/strandbygruppen.dk\/index.php?rest_route=%2Fwp%2Fv2%2Fcomments&post=50"}],"version-history":[{"count":3,"href":"https:\/\/strandbygruppen.dk\/index.php?rest_route=\/wp\/v2\/pages\/50\/revisions"}],"predecessor-version":[{"id":306,"href":"https:\/\/strandbygruppen.dk\/index.php?rest_route=\/wp\/v2\/pages\/50\/revisions\/306"}],"up":[{"embeddable":true,"href":"https:\/\/strandbygruppen.dk\/index.php?rest_route=\/wp\/v2\/pages\/39"}],"wp:featuredmedia":[{"embeddable":true,"href":"https:\/\/strandbygruppen.dk\/index.php?rest_route=\/wp\/v2\/media\/82"}],"wp:attachment":[{"href":"https:\/\/strandbygruppen.dk\/index.php?rest_route=%2Fwp%2Fv2%2Fmedia&parent=50"}],"curies":[{"name":"wp","href":"https:\/\/api.w.org\/{rel}","templated":true}]}}