{"id":52,"date":"2018-07-10T00:12:20","date_gmt":"2018-07-09T22:12:20","guid":{"rendered":"http:\/\/localhost\/strandbygruppen\/?page_id=27"},"modified":"2025-05-26T11:07:08","modified_gmt":"2025-05-26T09:07:08","slug":"om-os","status":"publish","type":"page","link":"https:\/\/strandbygruppen.dk\/?page_id=52","title":{"rendered":"Om"},"content":{"rendered":"<p>Strandbygruppen er en viden- og netv\u00e6rksvirksomhed med h\u00f8j tv\u00e6rfaglighed. Vi har et omfattende netv\u00e6rk af investorer, pensionskasser, almene boligselskaber, r\u00e5dgivere, erhvervsliv og myndigheder. I projekterne inddrages der altid f\u00f8rende arkitekter og r\u00e5dgivere.<\/p>\n<p>Selskabets slogan \u201dFremtiden tilh\u00f8rer dem, der ser den\u201d \u2013 beskriver udm\u00e6rket hvor Strandbygruppen er placeret i byggeriets v\u00e6rdik\u00e6de \u2013 nemlig de f\u00f8rste faser inden byggeriet iv\u00e6rks\u00e6ttes<\/p>\n<p><strong>Uffe Petersen &#8211; administrerende direkt\u00f8r<\/strong><\/p>\n<p><img decoding=\"async\" src=\"https:\/\/strandbygruppendk.files.wordpress.com\/2018\/07\/uffe-nyt-billede-18-1-2018.jpg\" alt=\"uffe nyt billede 18.1.2018\" width=\"173\" height=\"198\"><\/p>\n<p>Uffe Petersen er Cand. scient. adm. Han kommer fra et job som administrerende direkt\u00f8r i milj\u00f8branchen (SWS a\/s). Han har i en \u00e5rr\u00e6kke v\u00e6ret bestyrelsesformand for ONV arkitekter. Uffe har desuden v\u00e6ret chefkonsulent p\u00e5 Teknologisk Institut&nbsp; i erhvervsudviklingsdivisionen, hvor han havde ansvaret for at udvikle ydelser til SMV- virksomheder i skiftet fra industri- til vidensamfund. Uffe underviser endvidere p\u00e5 Center for Diplomledelse i \u201cInnovation- og videnledelse\u201d.<\/p>\n<p>Uffe Petersen har bred erfaring med udviklingsprocesserne i de tidlige faser af byggeriet. Uffe arbejder med at skabe tillid hos alle interessenter i de tidlige faser. Han har et bredt kendskab til rammer og regler for byggeri, hvilket hj\u00e6lper med til at optimere projektet i de tidlige beslutningsfaser, s\u00e5 der ikke opst\u00e5r uventede krav, n\u00e5r projektet skal godkendes og tilpasses ift. lokalplanen.<\/p>\n<blockquote>\n<p>&#8220;Et byggeprojekt skal tage udgangspunkt i en lokal kontekst, og s\u00e5 skal vi sikre, at alle omkring bordet m\u00f8des b\u00e5de i processen og omkring en f\u00e6lles vision for projektet&#8221; &#8211; Uffe Petersen<\/p>\n<\/blockquote>\n<p><\/p>\n<h1 class=\"wp-block-heading\">Curriculum Vitae<\/h1>\n<p><\/p>\n<p><\/p>\n<p><b>2012: <\/b><br><\/p>\n<p>Partner og administrerende direkt\u00f8r i Strandbygruppen.<\/p>\n<p><\/p>\n<p><\/p>\n<p><b>2009:<\/b><\/p>\n<p>Videref\u00f8relse af \u201dOptima\u201d \u2013 med f\u00f8lgende forretningsomr\u00e5der:<\/p>\n<p><\/p>\n<p><\/p>\n<ul class=\"wp-block-list\">\n<li>Virksomhedsr\u00e5dgivning<\/li>\n<li>Undervisning<\/li>\n<li>Udvikling af byggeprojekter<\/li>\n<\/ul>\n<p><\/p>\n<p><\/p>\n<p><b>2005 \u2013 2010:<\/b><\/p>\n<p>Formand for ONV Arkitekter, som er f\u00f8rende indenfor industrialisering af byggeriet. (www.onv.dk)&nbsp;<\/p>\n<p><\/p>\n<p><\/p>\n<p><b>2004 &#8211; 2009: <\/b><br><\/p>\n<p>Adm. direkt\u00f8r i Special Waste System (www.sws.dk). SWS er en milj\u00f8virksomhed der h\u00e5ndterer farligt affald. Jens Kampmann var bestyrelsesformand for SWS.<\/p>\n<p><\/p>\n<p><\/p>\n<p><b>1999 &#8211; 2004: <\/b><br><\/p>\n<p>Chefkonsulent p\u00e5 Teknologisk Institut, Arbejdsliv indenfor f\u00f8lgende forretningsomr\u00e5der:<\/p>\n<p><\/p>\n<p><\/p>\n<ul class=\"wp-block-list\">\n<li>Lederudvikling<\/li>\n<li>Strategi- og forretningsudvikling<\/li>\n<li>Implementering af styringssystemer<\/li>\n<li>Videnregnskab<\/li>\n<li>V\u00e6rdier som kvalitetsstyring<\/li>\n<li>Kompetenceudvikling<\/li>\n<li>Optimering af intern kommunikation<\/li>\n<li>Organisationsudvikling<\/li>\n<li>Generationsskifte<\/li>\n<\/ul>\n<p><\/p>\n<p><\/p>\n<p><b>1995: <\/b><br><\/p>\n<p>Etablering af eget konsulentfirma \u201cOptima\u201d, med f\u00f8lgende forretningsomr\u00e5der:<\/p>\n<p><\/p>\n<p><\/p>\n<ul class=\"wp-block-list\">\n<li>Videnmanagement<\/li>\n<li>Projektledelse<\/li>\n<li>Ledelsesudvikling<\/li>\n<li>IT-r\u00e5dgivning (strategi, anskaffelse og implementering)&nbsp;&nbsp;&nbsp;&nbsp;&nbsp;&nbsp;&nbsp;<\/li>\n<li>Implementering af ledelsesinformationssystemer<\/li>\n<li>Den l\u00e6rende organisation\/selvstyre<\/li>\n<li>Optimering af intern kommunikation<\/li>\n<li>Kompetenceudvikling<\/li>\n<\/ul>\n<p><\/p>\n<p><\/p>\n<p><b>1993: <\/b><br><\/p>\n<p>Kommunikationschef i Bus Danmark. Jeg sad i en stabsfunktion og havde ansvaret for opbygning og drift af \u00f8konomistyringen. Havde ansvaret for Bus Danmarks selvstyreprojekter og implementering af et \u00f8konomistyringssystem (LIS-system) til styring af oms\u00e6tningen p\u00e5 1 milliard.&nbsp; Ansvar for udvikling af de tekniske chefer og udvikling af kommunikationssystemet \u201cInfobus\u201d.<\/p>\n<p><\/p>\n<p><\/p>\n<p><b>1988: <\/b><br><\/p>\n<p>Konsulent i Efteruddannelsesudvalget for teknikere (EUT). Opgaverne var prim\u00e6rt koncentreret om erhvervsudvikling og kvalifikationsudvikling. Analyserne var prim\u00e6rt rettet imod &nbsp;&nbsp;&nbsp;&nbsp;&nbsp;&nbsp;&nbsp;&nbsp; informationsteknologi, kvalitetsstyring og produktionsstyring.<\/p>\n<p><\/p>\n<p><\/p>\n<p><b>1984: <\/b><br><\/p>\n<p>Administrationschef p\u00e5 Ranum Uddannelsescenter med det form\u00e5l at opbygge f\u00f8lgende uddannelser &#8211; Datah\u00f8jskole, Exportakademi, Internationalt Handicapidr\u00e6tscenter, Center for integreret medicin og en kunstskole. Christian Mejdahl var formand for bestyrelserne.<\/p>\n<p><\/p>\n<p><\/p>\n<p><\/p>\n<p><\/p>\n<h2 class=\"wp-block-heading\">&nbsp;<\/h2>\n<p><\/p>","protected":false},"excerpt":{"rendered":"<p>Strandbygruppen er en viden- og netv\u00e6rksvirksomhed med h\u00f8j tv\u00e6rfaglighed. Vi har et omfattende netv\u00e6rk af investorer, pensionskasser, almene boligselskaber, r\u00e5dgivere, erhvervsliv og myndigheder. I projekterne inddrages der altid f\u00f8rende arkitekter og r\u00e5dgivere. Selskabets slogan \u201dFremtiden tilh\u00f8rer dem, der ser den\u201d \u2013 beskriver udm\u00e6rket hvor Strandbygruppen er placeret i byggeriets v\u00e6rdik\u00e6de \u2013 nemlig de f\u00f8rste faser [&hellip;]<\/p>\n","protected":false},"author":1,"featured_media":0,"parent":0,"menu_order":5,"comment_status":"closed","ping_status":"closed","template":"","meta":{"footnotes":""},"class_list":["post-52","page","type-page","status-publish","hentry"],"_links":{"self":[{"href":"https:\/\/strandbygruppen.dk\/index.php?rest_route=\/wp\/v2\/pages\/52","targetHints":{"allow":["GET"]}}],"collection":[{"href":"https:\/\/strandbygruppen.dk\/index.php?rest_route=\/wp\/v2\/pages"}],"about":[{"href":"https:\/\/strandbygruppen.dk\/index.php?rest_route=\/wp\/v2\/types\/page"}],"author":[{"embeddable":true,"href":"https:\/\/strandbygruppen.dk\/index.php?rest_route=\/wp\/v2\/users\/1"}],"replies":[{"embeddable":true,"href":"https:\/\/strandbygruppen.dk\/index.php?rest_route=%2Fwp%2Fv2%2Fcomments&post=52"}],"version-history":[{"count":16,"href":"https:\/\/strandbygruppen.dk\/index.php?rest_route=\/wp\/v2\/pages\/52\/revisions"}],"predecessor-version":[{"id":347,"href":"https:\/\/strandbygruppen.dk\/index.php?rest_route=\/wp\/v2\/pages\/52\/revisions\/347"}],"wp:attachment":[{"href":"https:\/\/strandbygruppen.dk\/index.php?rest_route=%2Fwp%2Fv2%2Fmedia&parent=52"}],"curies":[{"name":"wp","href":"https:\/\/api.w.org\/{rel}","templated":true}]}}