{"id":53,"date":"2018-07-10T00:11:56","date_gmt":"2018-07-09T22:11:56","guid":{"rendered":"http:\/\/localhost\/strandbygruppen\/?page_id=29"},"modified":"2021-02-04T15:30:41","modified_gmt":"2021-02-04T14:30:41","slug":"forside-2","status":"publish","type":"page","link":"https:\/\/strandbygruppen.dk\/","title":{"rendered":"Forside"},"content":{"rendered":"<div class=\"frontPageContainer\">\n<p><img decoding=\"async\" class=\"size-full wp-image-188 frontLogo aligncenter\" src=\"https:\/\/strandbygruppendk.files.wordpress.com\/2018\/07\/capture2.png\" alt=\"Capture\"><\/p>\n<p style=\"text-align: center;\"><img fetchpriority=\"high\" decoding=\"async\" class=\" size-full wp-image-146 aligncenter frontImage\" src=\"https:\/\/strandbygruppendk.files.wordpress.com\/2018\/07\/12-e1530713222918.png\" alt=\"1\" width=\"616\" height=\"261\"><\/p>\n<h3 id=\"frontText\"><strong>Strandbygruppen skaber driftssikkerhed i projektudviklingen.<\/strong><br \/>\nEthvert byggeprojekt drager fordel af uvildighed. Som ikke-investerende projektudvikler sikrer Strandbygruppen at byggeprojekters f\u00e6llesinteresser indfries, hvilket skaber fremdrift fra id\u00e9 til f\u00e6rdigt projekt.<br \/>\nMed fokus p\u00e5 at s\u00e6tte det rette hold, sikres det rette kompetencemix fra start og der skabes kvalitet i beslutningsprocesserne og projektudviklingen.<\/h3>\n<\/div>\n","protected":false},"excerpt":{"rendered":"<p>Strandbygruppen skaber driftssikkerhed i projektudviklingen. Ethvert byggeprojekt drager fordel af uvildighed. Som ikke-investerende projektudvikler sikrer Strandbygruppen at byggeprojekters f\u00e6llesinteresser indfries, hvilket skaber fremdrift fra id\u00e9 til f\u00e6rdigt projekt. Med fokus p\u00e5 at s\u00e6tte det rette hold, sikres det rette kompetencemix fra start og der skabes kvalitet i beslutningsprocesserne og projektudviklingen.<\/p>\n","protected":false},"author":1,"featured_media":0,"parent":0,"menu_order":1,"comment_status":"closed","ping_status":"closed","template":"page-templates\/front-page.php","meta":{"footnotes":""},"class_list":["post-53","page","type-page","status-publish","hentry"],"_links":{"self":[{"href":"https:\/\/strandbygruppen.dk\/index.php?rest_route=\/wp\/v2\/pages\/53","targetHints":{"allow":["GET"]}}],"collection":[{"href":"https:\/\/strandbygruppen.dk\/index.php?rest_route=\/wp\/v2\/pages"}],"about":[{"href":"https:\/\/strandbygruppen.dk\/index.php?rest_route=\/wp\/v2\/types\/page"}],"author":[{"embeddable":true,"href":"https:\/\/strandbygruppen.dk\/index.php?rest_route=\/wp\/v2\/users\/1"}],"replies":[{"embeddable":true,"href":"https:\/\/strandbygruppen.dk\/index.php?rest_route=%2Fwp%2Fv2%2Fcomments&post=53"}],"version-history":[{"count":9,"href":"https:\/\/strandbygruppen.dk\/index.php?rest_route=\/wp\/v2\/pages\/53\/revisions"}],"predecessor-version":[{"id":338,"href":"https:\/\/strandbygruppen.dk\/index.php?rest_route=\/wp\/v2\/pages\/53\/revisions\/338"}],"wp:attachment":[{"href":"https:\/\/strandbygruppen.dk\/index.php?rest_route=%2Fwp%2Fv2%2Fmedia&parent=53"}],"curies":[{"name":"wp","href":"https:\/\/api.w.org\/{rel}","templated":true}]}}